{"id":140,"date":"2026-02-04T08:10:40","date_gmt":"2026-02-04T07:10:40","guid":{"rendered":"https:\/\/enjoy-bootsservice.de\/?page_id=140"},"modified":"2026-02-13T12:10:15","modified_gmt":"2026-02-13T11:10:15","slug":"ersatzteile-shop","status":"publish","type":"page","link":"https:\/\/enjoy-bootsservice.de\/?page_id=140","title":{"rendered":"Ersatzteile-Shop"},"content":{"rendered":"\t\t<div data-elementor-type=\"wp-page\" data-elementor-id=\"140\" class=\"elementor elementor-140\">\n\t\t\t\t<div class=\"elementor-element elementor-element-edb63eb e-flex e-con-boxed e-con e-parent\" data-id=\"edb63eb\" data-element_type=\"container\" data-e-type=\"container\">\n\t\t\t\t\t<div class=\"e-con-inner\">\n\t\t<div class=\"elementor-element elementor-element-a312710 e-con-full e-flex e-con e-child\" data-id=\"a312710\" data-element_type=\"container\" data-e-type=\"container\">\n\t\t\t\t<div class=\"elementor-element elementor-element-b769a27 elementor-widget elementor-widget-heading\" data-id=\"b769a27\" data-element_type=\"widget\" data-e-type=\"widget\" data-widget_type=\"heading.default\">\n\t\t\t\t\t<h2 class=\"elementor-heading-title elementor-size-default\">Ersatzteile-Shop<\/h2>\t\t\t\t<\/div>\n\t\t\t\t<\/div>\n\t\t\t\t<div class=\"elementor-element elementor-element-5f89f9b elementor-widget elementor-widget-heading\" data-id=\"5f89f9b\" data-element_type=\"widget\" data-e-type=\"widget\" data-widget_type=\"heading.default\">\n\t\t\t\t\t<h2 class=\"elementor-heading-title elementor-size-default\">Klassiker &amp; Rarit\u00e4ten<\/h2>\t\t\t\t<\/div>\n\t\t<div class=\"elementor-element elementor-element-9c57c92 e-grid e-con-full e-con e-child\" data-id=\"9c57c92\" data-element_type=\"container\" data-e-type=\"container\">\n\t\t\t\t<div class=\"elementor-element elementor-element-41dbb8e elementor-position-top elementor-widget elementor-widget-image-box\" data-id=\"41dbb8e\" data-element_type=\"widget\" data-e-type=\"widget\" data-widget_type=\"image-box.default\">\n\t\t\t\t\t<div class=\"elementor-image-box-wrapper\"><figure class=\"elementor-image-box-img\"><img fetchpriority=\"high\" decoding=\"async\" width=\"1200\" height=\"1200\" src=\"https:\/\/enjoy-bootsservice.de\/wp-content\/uploads\/2026\/02\/20221208_170437-scaled-2.webp\" class=\"attachment-full size-full wp-image-345\" alt=\"\" srcset=\"https:\/\/enjoy-bootsservice.de\/wp-content\/uploads\/2026\/02\/20221208_170437-scaled-2.webp 1200w, https:\/\/enjoy-bootsservice.de\/wp-content\/uploads\/2026\/02\/20221208_170437-scaled-2-300x300.webp 300w, https:\/\/enjoy-bootsservice.de\/wp-content\/uploads\/2026\/02\/20221208_170437-scaled-2-1024x1024.webp 1024w, https:\/\/enjoy-bootsservice.de\/wp-content\/uploads\/2026\/02\/20221208_170437-scaled-2-150x150.webp 150w, https:\/\/enjoy-bootsservice.de\/wp-content\/uploads\/2026\/02\/20221208_170437-scaled-2-768x768.webp 768w\" sizes=\"(max-width: 1200px) 100vw, 1200px\" \/><\/figure><div class=\"elementor-image-box-content\"><h3 class=\"elementor-image-box-title\">DTN W\u00e4rmetauscher Marine<\/h3><p class=\"elementor-image-box-description\">Verwendbar f\u00fcr Peugeot Indenor Motoren Typ XDP 4-90 \/ 4-88 \/ 4-83 \/ XD 2\/ XD 3 \nCa. 45 - 78 PS.\n\n<\/p><\/div><\/div>\t\t\t\t<\/div>\n\t\t\t\t<div class=\"elementor-element elementor-element-37d24b8 elementor-position-top elementor-widget elementor-widget-image-box\" data-id=\"37d24b8\" data-element_type=\"widget\" data-e-type=\"widget\" data-widget_type=\"image-box.default\">\n\t\t\t\t\t<div class=\"elementor-image-box-wrapper\"><figure class=\"elementor-image-box-img\"><img decoding=\"async\" width=\"1200\" height=\"1200\" src=\"https:\/\/enjoy-bootsservice.de\/wp-content\/uploads\/2026\/02\/Rohrbuendel.webp\" class=\"attachment-full size-full wp-image-346\" alt=\"\" srcset=\"https:\/\/enjoy-bootsservice.de\/wp-content\/uploads\/2026\/02\/Rohrbuendel.webp 1200w, https:\/\/enjoy-bootsservice.de\/wp-content\/uploads\/2026\/02\/Rohrbuendel-300x300.webp 300w, https:\/\/enjoy-bootsservice.de\/wp-content\/uploads\/2026\/02\/Rohrbuendel-1024x1024.webp 1024w, https:\/\/enjoy-bootsservice.de\/wp-content\/uploads\/2026\/02\/Rohrbuendel-150x150.webp 150w, https:\/\/enjoy-bootsservice.de\/wp-content\/uploads\/2026\/02\/Rohrbuendel-768x768.webp 768w\" sizes=\"(max-width: 1200px) 100vw, 1200px\" \/><\/figure><div class=\"elementor-image-box-content\"><h3 class=\"elementor-image-box-title\">Rohrb\u00fcndel f\u00fcr DTN W\u00e4rmetauscher, Marine<\/h3><p class=\"elementor-image-box-description\">Es besteht die M\u00f6glichkeit diese Nachproduzieren zu lassen. \n\nDetails auf Anfrage<\/p><\/div><\/div>\t\t\t\t<\/div>\n\t\t\t\t<div class=\"elementor-element elementor-element-7cdfe81 elementor-position-top elementor-widget elementor-widget-image-box\" data-id=\"7cdfe81\" data-element_type=\"widget\" data-e-type=\"widget\" data-widget_type=\"image-box.default\">\n\t\t\t\t\t<div class=\"elementor-image-box-wrapper\"><figure class=\"elementor-image-box-img\"><img decoding=\"async\" width=\"1200\" height=\"1200\" src=\"https:\/\/enjoy-bootsservice.de\/wp-content\/uploads\/2026\/02\/Kipphebel-Wellen.webp\" class=\"attachment-full size-full wp-image-347\" alt=\"\" srcset=\"https:\/\/enjoy-bootsservice.de\/wp-content\/uploads\/2026\/02\/Kipphebel-Wellen.webp 1200w, https:\/\/enjoy-bootsservice.de\/wp-content\/uploads\/2026\/02\/Kipphebel-Wellen-300x300.webp 300w, https:\/\/enjoy-bootsservice.de\/wp-content\/uploads\/2026\/02\/Kipphebel-Wellen-1024x1024.webp 1024w, https:\/\/enjoy-bootsservice.de\/wp-content\/uploads\/2026\/02\/Kipphebel-Wellen-150x150.webp 150w, https:\/\/enjoy-bootsservice.de\/wp-content\/uploads\/2026\/02\/Kipphebel-Wellen-768x768.webp 768w\" sizes=\"(max-width: 1200px) 100vw, 1200px\" \/><\/figure><div class=\"elementor-image-box-content\"><h3 class=\"elementor-image-box-title\">Kipphebelwellen<\/h3><p class=\"elementor-image-box-description\">Verwendbar f\u00fcr Indenor Motoren 6-88 \/ 90 \/ oder Volvo Penta MD 29\/ 32<\/p><\/div><\/div>\t\t\t\t<\/div>\n\t\t\t\t<div class=\"elementor-element elementor-element-d970716 elementor-position-top elementor-widget elementor-widget-image-box\" data-id=\"d970716\" data-element_type=\"widget\" data-e-type=\"widget\" data-widget_type=\"image-box.default\">\n\t\t\t\t\t<div class=\"elementor-image-box-wrapper\"><figure class=\"elementor-image-box-img\"><img loading=\"lazy\" decoding=\"async\" width=\"1200\" height=\"1200\" src=\"https:\/\/enjoy-bootsservice.de\/wp-content\/uploads\/2026\/02\/Kipphebel-Wellen2.webp\" class=\"attachment-full size-full wp-image-348\" alt=\"\" srcset=\"https:\/\/enjoy-bootsservice.de\/wp-content\/uploads\/2026\/02\/Kipphebel-Wellen2.webp 1200w, https:\/\/enjoy-bootsservice.de\/wp-content\/uploads\/2026\/02\/Kipphebel-Wellen2-300x300.webp 300w, https:\/\/enjoy-bootsservice.de\/wp-content\/uploads\/2026\/02\/Kipphebel-Wellen2-1024x1024.webp 1024w, https:\/\/enjoy-bootsservice.de\/wp-content\/uploads\/2026\/02\/Kipphebel-Wellen2-150x150.webp 150w, https:\/\/enjoy-bootsservice.de\/wp-content\/uploads\/2026\/02\/Kipphebel-Wellen2-768x768.webp 768w\" sizes=\"(max-width: 1200px) 100vw, 1200px\" \/><\/figure><div class=\"elementor-image-box-content\"><h3 class=\"elementor-image-box-title\">Kipphebelwelle<\/h3><p class=\"elementor-image-box-description\">Verwendbar f\u00fcr Indenor Motoren\nXDP  4-88 \/ 90 \nXD 2 \/ 3 \n\n<\/p><\/div><\/div>\t\t\t\t<\/div>\n\t\t\t\t<div class=\"elementor-element elementor-element-b08ebc6 elementor-position-top elementor-widget elementor-widget-image-box\" data-id=\"b08ebc6\" data-element_type=\"widget\" data-e-type=\"widget\" data-widget_type=\"image-box.default\">\n\t\t\t\t\t<div class=\"elementor-image-box-wrapper\"><figure class=\"elementor-image-box-img\"><img loading=\"lazy\" decoding=\"async\" width=\"1200\" height=\"1200\" src=\"https:\/\/enjoy-bootsservice.de\/wp-content\/uploads\/2026\/02\/Kurbelwelle.webp\" class=\"attachment-full size-full wp-image-353\" alt=\"\" srcset=\"https:\/\/enjoy-bootsservice.de\/wp-content\/uploads\/2026\/02\/Kurbelwelle.webp 1200w, https:\/\/enjoy-bootsservice.de\/wp-content\/uploads\/2026\/02\/Kurbelwelle-300x300.webp 300w, https:\/\/enjoy-bootsservice.de\/wp-content\/uploads\/2026\/02\/Kurbelwelle-1024x1024.webp 1024w, https:\/\/enjoy-bootsservice.de\/wp-content\/uploads\/2026\/02\/Kurbelwelle-150x150.webp 150w, https:\/\/enjoy-bootsservice.de\/wp-content\/uploads\/2026\/02\/Kurbelwelle-768x768.webp 768w\" sizes=\"(max-width: 1200px) 100vw, 1200px\" \/><\/figure><div class=\"elementor-image-box-content\"><h3 class=\"elementor-image-box-title\">Kurbelwelle f\u00fcr Indenor Motor XD 3<\/h3><p class=\"elementor-image-box-description\">Die Welle ist in Top Zustand. Alle Hauptlager und Pleuellager Zapfen sind im Orginalma\u00df. \n\n\n<\/p><\/div><\/div>\t\t\t\t<\/div>\n\t\t\t\t<div class=\"elementor-element elementor-element-21d7d14 elementor-position-top elementor-widget elementor-widget-image-box\" data-id=\"21d7d14\" data-element_type=\"widget\" data-e-type=\"widget\" data-widget_type=\"image-box.default\">\n\t\t\t\t\t<div class=\"elementor-image-box-wrapper\"><figure class=\"elementor-image-box-img\"><img loading=\"lazy\" decoding=\"async\" width=\"1200\" height=\"1200\" src=\"https:\/\/enjoy-bootsservice.de\/wp-content\/uploads\/2026\/02\/Kurbelwelle2.webp\" class=\"attachment-full size-full wp-image-354\" alt=\"\" srcset=\"https:\/\/enjoy-bootsservice.de\/wp-content\/uploads\/2026\/02\/Kurbelwelle2.webp 1200w, https:\/\/enjoy-bootsservice.de\/wp-content\/uploads\/2026\/02\/Kurbelwelle2-300x300.webp 300w, https:\/\/enjoy-bootsservice.de\/wp-content\/uploads\/2026\/02\/Kurbelwelle2-1024x1024.webp 1024w, https:\/\/enjoy-bootsservice.de\/wp-content\/uploads\/2026\/02\/Kurbelwelle2-150x150.webp 150w, https:\/\/enjoy-bootsservice.de\/wp-content\/uploads\/2026\/02\/Kurbelwelle2-768x768.webp 768w\" sizes=\"(max-width: 1200px) 100vw, 1200px\" \/><\/figure><div class=\"elementor-image-box-content\"><h3 class=\"elementor-image-box-title\">Kurbelwelle f\u00fcr Indenor Motoren XDP4-88 \/ 90  Oder Volvo Penta MD 21<\/h3><p class=\"elementor-image-box-description\">Die Welle ist in Top Zustand, alle Lagerstellen und Pleuellagerzapfen sind im Ma\u00df.\n\n\n<\/p><\/div><\/div>\t\t\t\t<\/div>\n\t\t\t\t<div class=\"elementor-element elementor-element-25ff1ba elementor-position-top elementor-widget elementor-widget-image-box\" data-id=\"25ff1ba\" data-element_type=\"widget\" data-e-type=\"widget\" data-widget_type=\"image-box.default\">\n\t\t\t\t\t<div class=\"elementor-image-box-wrapper\"><figure class=\"elementor-image-box-img\"><img loading=\"lazy\" decoding=\"async\" width=\"1200\" height=\"1200\" src=\"https:\/\/enjoy-bootsservice.de\/wp-content\/uploads\/2026\/02\/Nockenwelle.webp\" class=\"attachment-full size-full wp-image-355\" alt=\"\" srcset=\"https:\/\/enjoy-bootsservice.de\/wp-content\/uploads\/2026\/02\/Nockenwelle.webp 1200w, https:\/\/enjoy-bootsservice.de\/wp-content\/uploads\/2026\/02\/Nockenwelle-300x300.webp 300w, https:\/\/enjoy-bootsservice.de\/wp-content\/uploads\/2026\/02\/Nockenwelle-1024x1024.webp 1024w, https:\/\/enjoy-bootsservice.de\/wp-content\/uploads\/2026\/02\/Nockenwelle-150x150.webp 150w, https:\/\/enjoy-bootsservice.de\/wp-content\/uploads\/2026\/02\/Nockenwelle-768x768.webp 768w\" sizes=\"(max-width: 1200px) 100vw, 1200px\" \/><\/figure><div class=\"elementor-image-box-content\"><h3 class=\"elementor-image-box-title\">Nockenwelle f\u00fcr Indenor Motoren XDP 4-88 \/ 90  oder Volvo Penta MD 21<\/h3><p class=\"elementor-image-box-description\">Die Welle hat einen Treibnocken f\u00fcr eine mechanische F\u00f6rderpumpe. \nDie Welle kann mit oder ohne Zahnrad erworben werden.\nAlle Nocken sind in Ordnung.\n\n\n<\/p><\/div><\/div>\t\t\t\t<\/div>\n\t\t\t\t<\/div>\n\t\t\t\t\t<\/div>\n\t\t\t\t<\/div>\n\t\t<div class=\"elementor-element elementor-element-409d39c e-flex e-con-boxed e-con e-parent\" data-id=\"409d39c\" data-element_type=\"container\" data-e-type=\"container\">\n\t\t\t\t\t<div class=\"e-con-inner\">\n\t\t\t\t<div class=\"elementor-element elementor-element-6e73ab2 elementor-widget elementor-widget-heading\" data-id=\"6e73ab2\" data-element_type=\"widget\" data-e-type=\"widget\" data-widget_type=\"heading.default\">\n\t\t\t\t\t<h2 class=\"elementor-heading-title elementor-size-default\"><a href=\"https:\/\/enjoy-bootsservice.de\/?page_id=121\">Nichts dabei?\nEinfach mal anrufen!  +49 160 97968795<\/a><\/h2>\t\t\t\t<\/div>\n\t\t\t\t\t<\/div>\n\t\t\t\t<\/div>\n\t\t\t\t<\/div>\n\t\t","protected":false},"excerpt":{"rendered":"<p>Ersatzteile-Shop Klassiker &amp; Rarit\u00e4ten DTN W\u00e4rmetauscher Marine Verwendbar f\u00fcr Peugeot Indenor Motoren Typ XDP 4-90 \/ 4-88 \/ 4-83 \/ XD 2\/ XD 3 Ca. 45 &#8211; 78 PS. Rohrb\u00fcndel f\u00fcr DTN W\u00e4rmetauscher, Marine Es besteht die M\u00f6glichkeit diese Nachproduzieren zu lassen. Details auf Anfrage Kipphebelwellen Verwendbar f\u00fcr Indenor Motoren 6-88 \/ 90 \/ oder<\/p>\n<div class=\"more-link\">\n\t\t\t\t <a href=\"https:\/\/enjoy-bootsservice.de\/?page_id=140\" class=\"btn theme-btn\"><span>Weiterlesen <\/span><i class=\"icofont-thin-double-right\"><\/i><\/a>\n\t\t\t<\/div>\n","protected":false},"author":1,"featured_media":0,"parent":0,"menu_order":0,"comment_status":"closed","ping_status":"closed","template":"elementor_canvas","meta":{"footnotes":""},"class_list":["post-140","page","type-page","status-publish","hentry"],"_links":{"self":[{"href":"https:\/\/enjoy-bootsservice.de\/index.php?rest_route=\/wp\/v2\/pages\/140","targetHints":{"allow":["GET"]}}],"collection":[{"href":"https:\/\/enjoy-bootsservice.de\/index.php?rest_route=\/wp\/v2\/pages"}],"about":[{"href":"https:\/\/enjoy-bootsservice.de\/index.php?rest_route=\/wp\/v2\/types\/page"}],"author":[{"embeddable":true,"href":"https:\/\/enjoy-bootsservice.de\/index.php?rest_route=\/wp\/v2\/users\/1"}],"replies":[{"embeddable":true,"href":"https:\/\/enjoy-bootsservice.de\/index.php?rest_route=%2Fwp%2Fv2%2Fcomments&post=140"}],"version-history":[{"count":43,"href":"https:\/\/enjoy-bootsservice.de\/index.php?rest_route=\/wp\/v2\/pages\/140\/revisions"}],"predecessor-version":[{"id":358,"href":"https:\/\/enjoy-bootsservice.de\/index.php?rest_route=\/wp\/v2\/pages\/140\/revisions\/358"}],"wp:attachment":[{"href":"https:\/\/enjoy-bootsservice.de\/index.php?rest_route=%2Fwp%2Fv2%2Fmedia&parent=140"}],"curies":[{"name":"wp","href":"https:\/\/api.w.org\/{rel}","templated":true}]}}