{"id":71,"date":"2026-02-03T23:40:02","date_gmt":"2026-02-03T22:40:02","guid":{"rendered":"https:\/\/enjoy-bootsservice.de\/?page_id=71"},"modified":"2026-02-13T12:15:17","modified_gmt":"2026-02-13T11:15:17","slug":"ueber-uns","status":"publish","type":"page","link":"https:\/\/enjoy-bootsservice.de\/?page_id=71","title":{"rendered":"\u00dcber Uns"},"content":{"rendered":"\t\t<div data-elementor-type=\"wp-page\" data-elementor-id=\"71\" class=\"elementor elementor-71\">\n\t\t\t\t<div class=\"elementor-element elementor-element-75c62f1 e-flex e-con-boxed e-con e-parent\" data-id=\"75c62f1\" data-element_type=\"container\" data-e-type=\"container\">\n\t\t\t\t\t<div class=\"e-con-inner\">\n\t\t\t\t<div class=\"elementor-element elementor-element-17f9718 elementor-widget elementor-widget-image\" data-id=\"17f9718\" data-element_type=\"widget\" data-e-type=\"widget\" data-widget_type=\"image.default\">\n\t\t\t\t\t\t\t\t\t\t\t\t\t\t\t<img fetchpriority=\"high\" decoding=\"async\" width=\"640\" height=\"640\" src=\"https:\/\/enjoy-bootsservice.de\/wp-content\/uploads\/2026\/02\/file.webp\" class=\"attachment-full size-full wp-image-362\" alt=\"\" srcset=\"https:\/\/enjoy-bootsservice.de\/wp-content\/uploads\/2026\/02\/file.webp 640w, https:\/\/enjoy-bootsservice.de\/wp-content\/uploads\/2026\/02\/file-300x300.webp 300w, https:\/\/enjoy-bootsservice.de\/wp-content\/uploads\/2026\/02\/file-150x150.webp 150w\" sizes=\"(max-width: 640px) 100vw, 640px\" \/>\t\t\t\t\t\t\t\t\t\t\t\t\t\t\t<\/div>\n\t\t\t\t<div class=\"elementor-element elementor-element-7cc60b2 elementor-widget elementor-widget-heading\" data-id=\"7cc60b2\" data-element_type=\"widget\" data-e-type=\"widget\" data-widget_type=\"heading.default\">\n\t\t\t\t\t<h2 class=\"elementor-heading-title elementor-size-default\">\u00dcBER MICH<\/h2>\t\t\t\t<\/div>\n\t\t\t\t<div class=\"elementor-element elementor-element-8617189 elementor-widget__width-initial elementor-widget elementor-widget-text-editor\" data-id=\"8617189\" data-element_type=\"widget\" data-e-type=\"widget\" data-widget_type=\"text-editor.default\">\n\t\t\t\t\t\t\t\t\t<div class=\"otQkpb\" role=\"heading\" aria-level=\"3\" data-animation-nesting=\"\" data-sfc-cp=\"\" data-complete=\"true\" data-processed=\"true\" data-sae=\"\">Moin Moin beim Enjoy-Bootsservice<\/div>\n<div class=\"Y3BBE\" data-sfc-cp=\"\" data-hveid=\"CAEIBBAA\" data-complete=\"true\" data-processed=\"true\">Viele fragen mich: Warum eigentlich \u201eEnjoy\u201c? Ganz einfach: Was man macht, sollte man genie\u00dfen. Das, was man isst, wie man lebt und wie man arbeitet.<br \/><br \/><\/div>\n<div class=\"Y3BBE\" style=\"text-align: center;\" data-sfc-cp=\"\" data-hveid=\"CAEIBRAA\" data-complete=\"true\" data-processed=\"true\"><strong class=\"Yjhzub\" data-complete=\"true\" data-processed=\"true\">Ich lebe Technik.<\/strong> Motoren, Getriebe und das ganze \u201eGed\u00f6hns\u201c, das in einem Boot verbaut ist, sind meine Welt. Da ich selbst Eigner bin, wei\u00df ich genau, wie es sich anf\u00fchlt, wenn das Triebwerk pl\u00f6tzlich nicht mehr will.<br \/><br \/><\/div>\n<div class=\"Y3BBE\" data-sfc-cp=\"\" data-hveid=\"CAEIBhAA\" data-complete=\"true\" data-processed=\"true\">Die meisten wollen einfach nur: <strong class=\"Yjhzub\" data-complete=\"true\" data-processed=\"true\">Schl\u00fcssel umdrehen und Feuer!<\/strong> Warum auch nicht? Man will die Zeit auf dem Wasser genie\u00dfen, nicht im Motorraum. Aber was passiert, wenn die Maschine \u201ehustet\u201c oder \u201eSchnupfen\u201c hat? Wenn sie ruckelt oder komische Ger\u00e4usche macht?<br \/><br \/><\/div>\n<div class=\"Y3BBE\" data-sfc-cp=\"\" data-hveid=\"CAEIBxAA\" data-complete=\"true\" data-processed=\"true\">Dann komme ich ins Spiel. Mit dem Stethoskop am \u201eHerzlein\u201c stelle ich die Diagnose: Ist es nur ein kleiner Infekt oder eine chronische Stotterei?<\/div>\n<div class=\"Y3BBE\" data-sfc-cp=\"\" data-hveid=\"CAEICBAA\" data-complete=\"true\" data-processed=\"true\">Ich bin kein Mensch der gro\u00dfen Worte, sondern eher der tiefen Gedanken. Bevor ich schraube, denke ich den L\u00f6sungsweg konsequent zu Ende. Die Kunst liegt darin, die Kausalit\u00e4t zu verstehen \u2013 oft steckt der wahre Fehler im Verborgenen, dort, wo man ihn auf den ersten Blick nicht vermutet. Ich finde diese versteckten Sch\u00e4den, damit die Reparatur auch wirklich von Dauer ist.<br \/><br \/><\/div>\n<div class=\"Y3BBE\" data-sfc-cp=\"\" data-hveid=\"CAEICRAA\" data-complete=\"true\" data-processed=\"true\">Seit nunmehr 15 Jahren bin ich in Hamburg und genie\u00dfe meine Arbeit in der \u201ePerle\u201c. Ich w\u00e4re gern hier geboren, aber ich werde auf jeden Fall hier bleiben \u2013 mein letzter Liegeplatz wird sicher an einer Kaimauer sein.<br \/><br \/><\/div>\n<div class=\"Y3BBE\" data-sfc-cp=\"\" data-hveid=\"CAEIChAA\" data-complete=\"true\" data-processed=\"true\">Bis dahin genie\u00dfe ich jeden Tag am River und freue mich darauf, auch Ihren Motor wieder fit f\u00fcr die Elbe zu machen.<\/div>\n<div class=\"Y3BBE\" data-sfc-cp=\"\" data-hveid=\"CAEICxAA\" data-complete=\"true\" data-processed=\"true\"><strong class=\"Yjhzub\" data-complete=\"true\" data-processed=\"true\">Ihr Karl-Heinz \u201eBazi\u201c Weiner<\/strong><br data-serialized-params=\"[]\" data-complete=\"true\" data-processed=\"true\" \/><em class=\"eujQNb\" data-complete=\"true\" data-processed=\"true\" aria-owns=\"action-menu-parent-container\">Inhaber &amp; leidenschaftlicher Schrauber<\/em><\/div>\t\t\t\t\t\t\t\t<\/div>\n\t\t\t\t\t<\/div>\n\t\t\t\t<\/div>\n\t\t<div class=\"elementor-element elementor-element-4502ab9 e-flex e-con-boxed e-con e-parent\" data-id=\"4502ab9\" data-element_type=\"container\" data-e-type=\"container\">\n\t\t\t\t\t<div class=\"e-con-inner\">\n\t\t\t\t\t<\/div>\n\t\t\t\t<\/div>\n\t\t\t\t<\/div>\n\t\t","protected":false},"excerpt":{"rendered":"<p>\u00dcBER MICH Moin Moin beim Enjoy-Bootsservice Viele fragen mich: Warum eigentlich \u201eEnjoy\u201c? Ganz einfach: Was man macht, sollte man genie\u00dfen. Das, was man isst, wie man lebt und wie man arbeitet. Ich lebe Technik. Motoren, Getriebe und das ganze \u201eGed\u00f6hns\u201c, das in einem Boot verbaut ist, sind meine Welt. Da ich selbst Eigner bin, wei\u00df<\/p>\n<div class=\"more-link\">\n\t\t\t\t <a href=\"https:\/\/enjoy-bootsservice.de\/?page_id=71\" class=\"btn theme-btn\"><span>Weiterlesen <\/span><i class=\"icofont-thin-double-right\"><\/i><\/a>\n\t\t\t<\/div>\n","protected":false},"author":1,"featured_media":55,"parent":0,"menu_order":0,"comment_status":"closed","ping_status":"closed","template":"elementor_canvas","meta":{"footnotes":""},"class_list":["post-71","page","type-page","status-publish","has-post-thumbnail","hentry"],"_links":{"self":[{"href":"https:\/\/enjoy-bootsservice.de\/index.php?rest_route=\/wp\/v2\/pages\/71","targetHints":{"allow":["GET"]}}],"collection":[{"href":"https:\/\/enjoy-bootsservice.de\/index.php?rest_route=\/wp\/v2\/pages"}],"about":[{"href":"https:\/\/enjoy-bootsservice.de\/index.php?rest_route=\/wp\/v2\/types\/page"}],"author":[{"embeddable":true,"href":"https:\/\/enjoy-bootsservice.de\/index.php?rest_route=\/wp\/v2\/users\/1"}],"replies":[{"embeddable":true,"href":"https:\/\/enjoy-bootsservice.de\/index.php?rest_route=%2Fwp%2Fv2%2Fcomments&post=71"}],"version-history":[{"count":13,"href":"https:\/\/enjoy-bootsservice.de\/index.php?rest_route=\/wp\/v2\/pages\/71\/revisions"}],"predecessor-version":[{"id":368,"href":"https:\/\/enjoy-bootsservice.de\/index.php?rest_route=\/wp\/v2\/pages\/71\/revisions\/368"}],"wp:featuredmedia":[{"embeddable":true,"href":"https:\/\/enjoy-bootsservice.de\/index.php?rest_route=\/wp\/v2\/media\/55"}],"wp:attachment":[{"href":"https:\/\/enjoy-bootsservice.de\/index.php?rest_route=%2Fwp%2Fv2%2Fmedia&parent=71"}],"curies":[{"name":"wp","href":"https:\/\/api.w.org\/{rel}","templated":true}]}}